{"id":41,"date":"2022-11-23T17:51:00","date_gmt":"2022-11-23T17:51:00","guid":{"rendered":"https:\/\/gamagp.com.br\/wordpress\/?page_id=41"},"modified":"2022-12-21T23:36:44","modified_gmt":"2022-12-21T23:36:44","slug":"instalacoes-eletricas","status":"publish","type":"page","link":"https:\/\/gamagp.com.br\/wordpress\/index.php\/servicos\/instalacoes-eletricas\/","title":{"rendered":"Instala\u00e7\u00f5es El\u00e9tricas"},"content":{"rendered":"<p>[et_pb_section fb_built=&#8221;1&#8243; _builder_version=&#8221;4.18.1&#8243; _module_preset=&#8221;default&#8221; background_image=&#8221;https:\/\/gamagp.com.br\/wordpress\/wp-content\/uploads\/2022\/11\/topo-Instalacoes.jpg&#8221; parallax=&#8221;on&#8221; global_colors_info=&#8221;{}&#8221;][et_pb_row _builder_version=&#8221;4.18.1&#8243; _module_preset=&#8221;default&#8221; global_colors_info=&#8221;{}&#8221;][et_pb_column type=&#8221;4_4&#8243; _builder_version=&#8221;4.18.1&#8243; _module_preset=&#8221;default&#8221; global_colors_info=&#8221;{}&#8221;][et_pb_text _builder_version=&#8221;4.18.1&#8243; _module_preset=&#8221;default&#8221; header_font=&#8221;Montserrat|700|||||||&#8221; header_text_color=&#8221;#FFFFFF&#8221; header_font_size=&#8221;76px&#8221; global_colors_info=&#8221;{}&#8221;]<\/p>\n<h1>Instala\u00e7\u00f5es El\u00e9tricas<\/h1>\n<p>[\/et_pb_text][et_pb_text _builder_version=&#8221;4.18.1&#8243; _module_preset=&#8221;default&#8221; text_font=&#8221;Montserrat|600|||||||&#8221; text_text_color=&#8221;#FFFFFF&#8221; text_font_size=&#8221;31px&#8221; text_line_height=&#8221;1.3em&#8221; global_colors_info=&#8221;{}&#8221;]<\/p>\n<p>Instala\u00e7\u00f5es e manuten\u00e7\u00e3o el\u00e9tricas em plantas de infraestrutura e alta complexidade.<\/p>\n<p>[\/et_pb_text][et_pb_divider color=&#8221;#FFFFFF&#8221; divider_weight=&#8221;2px&#8221; _builder_version=&#8221;4.18.1&#8243; _module_preset=&#8221;default&#8221; global_colors_info=&#8221;{}&#8221;][\/et_pb_divider][\/et_pb_column][\/et_pb_row][\/et_pb_section][et_pb_section fb_built=&#8221;1&#8243; _builder_version=&#8221;4.18.1&#8243; _module_preset=&#8221;default&#8221; global_colors_info=&#8221;{}&#8221;][et_pb_row column_structure=&#8221;3_5,2_5&#8243; _builder_version=&#8221;4.18.1&#8243; _module_preset=&#8221;default&#8221; global_colors_info=&#8221;{}&#8221;][et_pb_column type=&#8221;3_5&#8243; _builder_version=&#8221;4.18.1&#8243; _module_preset=&#8221;default&#8221; global_colors_info=&#8221;{}&#8221;][et_pb_text ul_type=&#8221;circle&#8221; ul_position=&#8221;inside&#8221; ul_item_indent=&#8221;1px&#8221; _builder_version=&#8221;4.18.1&#8243; _module_preset=&#8221;default&#8221; text_font=&#8221;Montserrat|500|||||||&#8221; text_text_color=&#8221;#545454&#8243; text_font_size=&#8221;15px&#8221; text_line_height=&#8221;1.8em&#8221; ul_font=&#8221;Montserrat||||||||&#8221; ul_text_color=&#8221;#000000&#8243; ul_line_height=&#8221;1.1em&#8221; hover_enabled=&#8221;0&#8243; global_colors_info=&#8221;{}&#8221; sticky_enabled=&#8221;0&#8243;]<\/p>\n<p style=\"text-align: justify;\">A complexidade das instala\u00e7\u00f5es el\u00e9tricas de alta tens\u00e3o (prediais, comerciais e industriais), vem da necessidade de medi\u00e7\u00e3o, prote\u00e7\u00e3o e controle pra o correto funcionamento da planta. Seguindo as normas de instala\u00e7\u00f5es el\u00e9tricas como a NBR 5410 (Instala\u00e7\u00f5es el\u00e9tricas de baixa tens\u00e3o), NBR 5444 (S\u00edmbolos gr\u00e1ficos para instala\u00e7\u00f5es el\u00e9tricas prediais) e a NR 10 (Seguran\u00e7a em instala\u00e7\u00f5es e servi\u00e7os em eletricidade).<\/p>\n<p>[\/et_pb_text][et_pb_text ul_position=&#8221;inside&#8221; ul_item_indent=&#8221;1px&#8221; _builder_version=&#8221;4.18.1&#8243; _module_preset=&#8221;default&#8221; text_font=&#8221;Montserrat||||||||&#8221; text_text_color=&#8221;#8F8F8F&#8221; ul_font=&#8221;Montserrat||||||||&#8221; ul_text_color=&#8221;#545454&#8243; ul_font_size=&#8221;15px&#8221; ul_line_height=&#8221;1.9em&#8221; hover_enabled=&#8221;0&#8243; global_colors_info=&#8221;{}&#8221; text_font_size=&#8221;15px&#8221; text_line_height=&#8221;1.8em&#8221; sticky_enabled=&#8221;0&#8243;]<\/p>\n<ul>\n<li><strong>Instala\u00e7\u00f5es El\u00e9tricas em baixa tens\u00e3o<\/strong><br \/>Residenciais<br \/>Instala\u00e7\u00e3o de placas fotovoltaicas<\/li>\n<li><strong>Instala\u00e7\u00f5es El\u00e9tricas em alta tens\u00e3o<\/strong><br \/>Prediais<br \/>Industriais<br \/><strong>Instala\u00e7\u00e3o de placas fotovoltaicas<\/strong><\/li>\n<li>Posto de transforma\u00e7\u00e3o<br \/>Cabine de for\u00e7a<br \/>Extens\u00e3o de rede<\/li>\n<li><strong>Manuten\u00e7\u00e3o de Grupo Gerador<\/strong><br \/>Diesel<br \/>Etanol<\/li>\n<li><strong>Contrato de manuten\u00e7\u00e3o<\/strong><br \/>Preventiva<br \/>Corretiva<br \/>Emergencial<\/li>\n<li><strong>Cabeamento estruturado<\/strong><br \/>Rack e CPD<br \/>Rede l\u00f3gica;<br \/>Telefonia;<br \/>Sistema de circuito fechado de TV (CFTV)<br \/>Sistema de Circuito aberto de TV (CATV)<br \/>Interfone<\/li>\n<li><strong>Condicionadores de AR<\/strong><br \/>Infraestrutura de cobre para Ar SPLIT<br \/>Instala\u00e7\u00e3o de Ar SPLIT<\/li>\n<\/ul>\n<p>[\/et_pb_text][\/et_pb_column][et_pb_column type=&#8221;2_5&#8243; _builder_version=&#8221;4.18.1&#8243; _module_preset=&#8221;default&#8221; global_colors_info=&#8221;{}&#8221;][et_pb_image src=&#8221;https:\/\/gamagp.com.br\/wordpress\/wp-content\/uploads\/2022\/11\/img_instalacoes.jpg&#8221; title_text=&#8221;img_instalacoes&#8221; _builder_version=&#8221;4.18.1&#8243; _module_preset=&#8221;default&#8221; custom_margin=&#8221;76px|83px||1px|false|false&#8221; global_colors_info=&#8221;{}&#8221;][\/et_pb_image][et_pb_image src=&#8221;https:\/\/gamagp.com.br\/wordpress\/wp-content\/uploads\/2022\/11\/img_instalacoes2.jpg&#8221; title_text=&#8221;img_instalacoes2&#8243; _builder_version=&#8221;4.18.1&#8243; _module_preset=&#8221;default&#8221; custom_margin=&#8221;-172px|||63px|false|false&#8221; custom_padding=&#8221;0px|||0px|false|false&#8221; global_colors_info=&#8221;{}&#8221;][\/et_pb_image][\/et_pb_column][\/et_pb_row][\/et_pb_section]<\/p>\n","protected":false},"excerpt":{"rendered":"<p>Instala\u00e7\u00f5es El\u00e9tricasInstala\u00e7\u00f5es e manuten\u00e7\u00e3o el\u00e9tricas em plantas de infraestrutura e alta complexidade.A complexidade das instala\u00e7\u00f5es el\u00e9tricas de alta tens\u00e3o (prediais, comerciais e industriais), vem da necessidade de medi\u00e7\u00e3o, prote\u00e7\u00e3o e controle pra o correto funcionamento da planta. Seguindo as normas de instala\u00e7\u00f5es el\u00e9tricas como a NBR 5410 (Instala\u00e7\u00f5es el\u00e9tricas de baixa tens\u00e3o), NBR 5444 (S\u00edmbolos [&hellip;]<\/p>\n","protected":false},"author":1,"featured_media":0,"parent":54,"menu_order":0,"comment_status":"closed","ping_status":"closed","template":"","meta":{"_et_pb_use_builder":"on","_et_pb_old_content":"","_et_gb_content_width":"","footnotes":""},"class_list":["post-41","page","type-page","status-publish","hentry"],"_links":{"self":[{"href":"https:\/\/gamagp.com.br\/wordpress\/index.php\/wp-json\/wp\/v2\/pages\/41","targetHints":{"allow":["GET"]}}],"collection":[{"href":"https:\/\/gamagp.com.br\/wordpress\/index.php\/wp-json\/wp\/v2\/pages"}],"about":[{"href":"https:\/\/gamagp.com.br\/wordpress\/index.php\/wp-json\/wp\/v2\/types\/page"}],"author":[{"embeddable":true,"href":"https:\/\/gamagp.com.br\/wordpress\/index.php\/wp-json\/wp\/v2\/users\/1"}],"replies":[{"embeddable":true,"href":"https:\/\/gamagp.com.br\/wordpress\/index.php\/wp-json\/wp\/v2\/comments?post=41"}],"version-history":[{"count":5,"href":"https:\/\/gamagp.com.br\/wordpress\/index.php\/wp-json\/wp\/v2\/pages\/41\/revisions"}],"predecessor-version":[{"id":144,"href":"https:\/\/gamagp.com.br\/wordpress\/index.php\/wp-json\/wp\/v2\/pages\/41\/revisions\/144"}],"up":[{"embeddable":true,"href":"https:\/\/gamagp.com.br\/wordpress\/index.php\/wp-json\/wp\/v2\/pages\/54"}],"wp:attachment":[{"href":"https:\/\/gamagp.com.br\/wordpress\/index.php\/wp-json\/wp\/v2\/media?parent=41"}],"curies":[{"name":"wp","href":"https:\/\/api.w.org\/{rel}","templated":true}]}}