{"id":38,"date":"2022-11-23T16:45:15","date_gmt":"2022-11-23T16:45:15","guid":{"rendered":"https:\/\/gamagp.com.br\/wordpress\/?page_id=38"},"modified":"2022-12-22T07:14:27","modified_gmt":"2022-12-22T07:14:27","slug":"laudos-e-vistorias","status":"publish","type":"page","link":"https:\/\/gamagp.com.br\/wordpress\/index.php\/servicos\/laudos-e-vistorias\/","title":{"rendered":"Laudos e Vistorias"},"content":{"rendered":"<p>[et_pb_section fb_built=&#8221;1&#8243; _builder_version=&#8221;4.18.1&#8243; _module_preset=&#8221;default&#8221; background_image=&#8221;https:\/\/gamagp.com.br\/wordpress\/wp-content\/uploads\/2022\/11\/Topo.jpg&#8221; parallax=&#8221;on&#8221; global_colors_info=&#8221;{}&#8221;][et_pb_row _builder_version=&#8221;4.18.1&#8243; _module_preset=&#8221;default&#8221; global_colors_info=&#8221;{}&#8221;][et_pb_column type=&#8221;4_4&#8243; _builder_version=&#8221;4.18.1&#8243; _module_preset=&#8221;default&#8221; global_colors_info=&#8221;{}&#8221;][et_pb_text _builder_version=&#8221;4.18.1&#8243; _module_preset=&#8221;default&#8221; header_font=&#8221;Montserrat|700|||||||&#8221; header_text_color=&#8221;#FFFFFF&#8221; header_font_size=&#8221;76px&#8221; global_colors_info=&#8221;{}&#8221;]<\/p>\n<h1>Laudos e Vistorias<\/h1>\n<p>[\/et_pb_text][et_pb_text _builder_version=&#8221;4.18.1&#8243; _module_preset=&#8221;default&#8221; text_font=&#8221;Montserrat|600|||||||&#8221; text_text_color=&#8221;#FFFFFF&#8221; text_font_size=&#8221;31px&#8221; text_line_height=&#8221;1.3em&#8221; global_colors_info=&#8221;{}&#8221;]<\/p>\n<p>Inspe\u00e7\u00f5es, medi\u00e7\u00f5es e diagn\u00f3tico para atender os requisitos estabelecidos pelas normas t\u00e9cnicas da Associa\u00e7\u00e3o Brasileira de Normas T\u00e9cnicas (ABNT).<\/p>\n<p>[\/et_pb_text][et_pb_divider color=&#8221;#FFFFFF&#8221; divider_weight=&#8221;2px&#8221; _builder_version=&#8221;4.18.1&#8243; _module_preset=&#8221;default&#8221; global_colors_info=&#8221;{}&#8221;][\/et_pb_divider][\/et_pb_column][\/et_pb_row][\/et_pb_section][et_pb_section fb_built=&#8221;1&#8243; _builder_version=&#8221;4.18.1&#8243; _module_preset=&#8221;default&#8221; global_colors_info=&#8221;{}&#8221;][et_pb_row column_structure=&#8221;3_5,2_5&#8243; _builder_version=&#8221;4.18.1&#8243; _module_preset=&#8221;default&#8221; global_colors_info=&#8221;{}&#8221;][et_pb_column type=&#8221;3_5&#8243; _builder_version=&#8221;4.18.1&#8243; _module_preset=&#8221;default&#8221; global_colors_info=&#8221;{}&#8221;][et_pb_text ul_type=&#8221;circle&#8221; ul_position=&#8221;inside&#8221; ul_item_indent=&#8221;1px&#8221; _builder_version=&#8221;4.18.1&#8243; _module_preset=&#8221;default&#8221; text_font=&#8221;Montserrat|500|||||||&#8221; text_text_color=&#8221;#545454&#8243; text_font_size=&#8221;15px&#8221; text_line_height=&#8221;1.8em&#8221; ul_font=&#8221;Montserrat||||||||&#8221; ul_text_color=&#8221;#000000&#8243; ul_line_height=&#8221;1.1em&#8221; text_orientation=&#8221;justified&#8221; hover_enabled=&#8221;0&#8243; global_colors_info=&#8221;{}&#8221; sticky_enabled=&#8221;0&#8243;]<\/p>\n<div style=\"text-align: justify;\">O laudo de instala\u00e7\u00f5es el\u00e9tricas \u00e9 desenvolvido com base em inspe\u00e7\u00f5es e medi\u00e7\u00f5es, e precisa estar de acordo com os requisitos estabelecidos pelas normas t\u00e9cnicas da Associa\u00e7\u00e3o Brasileira de Normas T\u00e9cnicas (ABNT). Al\u00e9m disso, o profissional de Engenharia El\u00e9trica tamb\u00e9m deve considerar os aspectos jur\u00eddicos, de prote\u00e7\u00e3o contra inc\u00eandio e de seguran\u00e7a aos trabalhadores e usu\u00e1rios de eletricidade.<\/div>\n<div style=\"text-align: justify;\"><\/div>\n<div style=\"text-align: justify;\"><\/div>\n<div style=\"text-align: justify;\">Para terem seu funcionamento regularizado, a maioria das edifica\u00e7\u00f5es precisa de um laudo de instala\u00e7\u00f5es el\u00e9tricas. Esse laudo \u00e9 um tipo de documento pericial que leva em considera\u00e7\u00e3o os aspectos t\u00e9cnicos envolvidos numa instala\u00e7\u00e3o el\u00e9trica. Para ter validade, ele deve ser feito por um engenheiro eletricista devidamente formado e registrado no Conselho Regional de Agronomia e Engenharia (CREA) de sua regi\u00e3o.<\/div>\n<div style=\"text-align: justify;\"><\/div>\n<p>[\/et_pb_text][et_pb_text ul_position=&#8221;inside&#8221; ul_item_indent=&#8221;1px&#8221; _builder_version=&#8221;4.18.1&#8243; _module_preset=&#8221;default&#8221; text_font=&#8221;Montserrat|500|||||||&#8221; text_text_color=&#8221;#545454&#8243; ul_font=&#8221;Montserrat|500|||||||&#8221; ul_text_color=&#8221;#545454&#8243; ul_font_size=&#8221;15px&#8221; ul_line_height=&#8221;2em&#8221; hover_enabled=&#8221;0&#8243; global_colors_info=&#8221;{}&#8221; text_font_size=&#8221;15px&#8221; sticky_enabled=&#8221;0&#8243; ul_text_align=&#8221;left&#8221; inline_fonts=&#8221;Montserrat&#8221; text_line_height=&#8221;2.2em&#8221;]<\/p>\n<ul>\n<li><span style=\"font-family: Montserrat;\">Conformidade el\u00e9trica (NT-41 Bombeiros);<\/span><\/li>\n<li><span style=\"font-family: Montserrat;\">Aterramento de SPDA;<\/span><\/li>\n<li><span style=\"font-family: Montserrat;\">Aterramentos de Maquinas e Equipamentos;<\/span><\/li>\n<li><span style=\"font-family: Montserrat;\">NR-10 &#8211; Seguran\u00e7a em instala\u00e7\u00f5es e servi\u00e7os em eletricidade;<\/span><\/li>\n<li><span style=\"font-family: Montserrat;\">NR-12 &#8211; Seguran\u00e7a no trabalho em m\u00e1quinas e equipamentos.<\/span><\/li>\n<\/ul>\n<p>[\/et_pb_text][\/et_pb_column][et_pb_column type=&#8221;2_5&#8243; _builder_version=&#8221;4.18.1&#8243; _module_preset=&#8221;default&#8221; global_colors_info=&#8221;{}&#8221;][et_pb_image src=&#8221;https:\/\/gamagp.com.br\/wordpress\/wp-content\/uploads\/2022\/11\/Laudos_gamagp.jpg&#8221; title_text=&#8221;Laudos_gamagp&#8221; _builder_version=&#8221;4.18.1&#8243; _module_preset=&#8221;default&#8221; global_colors_info=&#8221;{}&#8221;][\/et_pb_image][\/et_pb_column][\/et_pb_row][\/et_pb_section]<\/p>\n","protected":false},"excerpt":{"rendered":"<p>Laudos e VistoriasInspe\u00e7\u00f5es, medi\u00e7\u00f5es e diagn\u00f3tico para atender os requisitos estabelecidos pelas normas t\u00e9cnicas da Associa\u00e7\u00e3o Brasileira de Normas T\u00e9cnicas (ABNT).O laudo de instala\u00e7\u00f5es el\u00e9tricas \u00e9 desenvolvido com base em inspe\u00e7\u00f5es e medi\u00e7\u00f5es, e precisa estar de acordo com os requisitos estabelecidos pelas normas t\u00e9cnicas da Associa\u00e7\u00e3o Brasileira de Normas T\u00e9cnicas (ABNT). Al\u00e9m disso, o [&hellip;]<\/p>\n","protected":false},"author":1,"featured_media":0,"parent":54,"menu_order":0,"comment_status":"closed","ping_status":"closed","template":"","meta":{"_et_pb_use_builder":"on","_et_pb_old_content":"","_et_gb_content_width":"","footnotes":""},"class_list":["post-38","page","type-page","status-publish","hentry"],"_links":{"self":[{"href":"https:\/\/gamagp.com.br\/wordpress\/index.php\/wp-json\/wp\/v2\/pages\/38","targetHints":{"allow":["GET"]}}],"collection":[{"href":"https:\/\/gamagp.com.br\/wordpress\/index.php\/wp-json\/wp\/v2\/pages"}],"about":[{"href":"https:\/\/gamagp.com.br\/wordpress\/index.php\/wp-json\/wp\/v2\/types\/page"}],"author":[{"embeddable":true,"href":"https:\/\/gamagp.com.br\/wordpress\/index.php\/wp-json\/wp\/v2\/users\/1"}],"replies":[{"embeddable":true,"href":"https:\/\/gamagp.com.br\/wordpress\/index.php\/wp-json\/wp\/v2\/comments?post=38"}],"version-history":[{"count":6,"href":"https:\/\/gamagp.com.br\/wordpress\/index.php\/wp-json\/wp\/v2\/pages\/38\/revisions"}],"predecessor-version":[{"id":143,"href":"https:\/\/gamagp.com.br\/wordpress\/index.php\/wp-json\/wp\/v2\/pages\/38\/revisions\/143"}],"up":[{"embeddable":true,"href":"https:\/\/gamagp.com.br\/wordpress\/index.php\/wp-json\/wp\/v2\/pages\/54"}],"wp:attachment":[{"href":"https:\/\/gamagp.com.br\/wordpress\/index.php\/wp-json\/wp\/v2\/media?parent=38"}],"curies":[{"name":"wp","href":"https:\/\/api.w.org\/{rel}","templated":true}]}}