{"id":32,"date":"2022-11-23T12:49:08","date_gmt":"2022-11-23T12:49:08","guid":{"rendered":"https:\/\/gamagp.com.br\/wordpress\/?page_id=32"},"modified":"2022-12-22T07:14:25","modified_gmt":"2022-12-22T07:14:25","slug":"projetos","status":"publish","type":"page","link":"https:\/\/gamagp.com.br\/wordpress\/index.php\/servicos\/projetos\/","title":{"rendered":"Projetos"},"content":{"rendered":"<p>[et_pb_section fb_built=&#8221;1&#8243; _builder_version=&#8221;4.18.1&#8243; _module_preset=&#8221;default&#8221; background_image=&#8221;https:\/\/gamagp.com.br\/wordpress\/wp-content\/uploads\/2022\/11\/Topo-projetos.jpg&#8221; parallax=&#8221;on&#8221; global_colors_info=&#8221;{}&#8221;][et_pb_row _builder_version=&#8221;4.18.1&#8243; _module_preset=&#8221;default&#8221; global_colors_info=&#8221;{}&#8221;][et_pb_column type=&#8221;4_4&#8243; _builder_version=&#8221;4.18.1&#8243; _module_preset=&#8221;default&#8221; global_colors_info=&#8221;{}&#8221;][et_pb_text _builder_version=&#8221;4.18.1&#8243; _module_preset=&#8221;default&#8221; header_font=&#8221;Montserrat|700|||||||&#8221; header_text_color=&#8221;#FFFFFF&#8221; header_font_size=&#8221;76px&#8221; global_colors_info=&#8221;{}&#8221;]<\/p>\n<h1>Projetos<\/h1>\n<p>[\/et_pb_text][et_pb_text _builder_version=&#8221;4.18.1&#8243; _module_preset=&#8221;default&#8221; text_font=&#8221;Montserrat|600|||||||&#8221; text_text_color=&#8221;#FFFFFF&#8221; text_font_size=&#8221;31px&#8221; global_colors_info=&#8221;{}&#8221;]<\/p>\n<p>Projeto el\u00e9trico para instala\u00e7\u00f5es de alta tens\u00e3o e complexidade.<\/p>\n<p>[\/et_pb_text][et_pb_divider color=&#8221;#FFFFFF&#8221; divider_weight=&#8221;2px&#8221; _builder_version=&#8221;4.18.1&#8243; _module_preset=&#8221;default&#8221; global_colors_info=&#8221;{}&#8221;][\/et_pb_divider][\/et_pb_column][\/et_pb_row][\/et_pb_section][et_pb_section fb_built=&#8221;1&#8243; _builder_version=&#8221;4.18.1&#8243; _module_preset=&#8221;default&#8221; global_colors_info=&#8221;{}&#8221;][et_pb_row column_structure=&#8221;3_5,2_5&#8243; _builder_version=&#8221;4.18.1&#8243; _module_preset=&#8221;default&#8221; global_colors_info=&#8221;{}&#8221;][et_pb_column type=&#8221;3_5&#8243; _builder_version=&#8221;4.18.1&#8243; _module_preset=&#8221;default&#8221; global_colors_info=&#8221;{}&#8221;][et_pb_text ul_type=&#8221;circle&#8221; ul_position=&#8221;inside&#8221; ul_item_indent=&#8221;1px&#8221; _builder_version=&#8221;4.18.1&#8243; _module_preset=&#8221;default&#8221; text_font=&#8221;Montserrat|500|||||||&#8221; text_text_color=&#8221;#545454&#8243; text_font_size=&#8221;15px&#8221; text_line_height=&#8221;1.8em&#8221; ul_font=&#8221;Montserrat||||||||&#8221; ul_text_color=&#8221;#000000&#8243; ul_line_height=&#8221;1.1em&#8221; hover_enabled=&#8221;0&#8243; global_colors_info=&#8221;{}&#8221; sticky_enabled=&#8221;0&#8243;]<\/p>\n<p style=\"text-align: justify;\"><span>Podemos definir um\u00a0<\/span>projeto el\u00e9trico<span>\u00a0como o conjunto de todas as informa\u00e7\u00f5es, c\u00e1lculos, desenhos e detalhes referentes \u00e0 uma instala\u00e7\u00e3o el\u00e9trica, m\u00e1quina ou equipamento eletroeletr\u00f4nico. Essas informa\u00e7\u00f5es sobre a eletricidade podem ser um diagrama el\u00e9trico, tabela de dados, layout, desenhos t\u00e9cnicos das pe\u00e7as ou equipamentos, listagem dos componentes da instala\u00e7\u00e3o e outros.<\/span><\/p>\n<p>[\/et_pb_text][et_pb_text ul_position=&#8221;inside&#8221; _builder_version=&#8221;4.18.1&#8243; _module_preset=&#8221;default&#8221; text_font=&#8221;Montserrat||||||||&#8221; text_text_color=&#8221;#8F8F8F&#8221; ul_font=&#8221;Montserrat|500|||||||&#8221; ul_text_color=&#8221;#545454&#8243; ul_font_size=&#8221;15px&#8221; ul_line_height=&#8221;1.9em&#8221; hover_enabled=&#8221;0&#8243; global_colors_info=&#8221;{}&#8221; sticky_enabled=&#8221;0&#8243;]<\/p>\n<ul>\n<li><span style=\"font-weight: 400;\">El\u00e9tricos Industriais, Residenciais e Prediais;<\/span><\/li>\n<li><span style=\"font-weight: 400;\">Cabeamento Estruturado (Telefonia e L\u00f3gica);<\/span><\/li>\n<li><span style=\"font-weight: 400;\">Sistema de Prote\u00e7\u00e3o de Descarga Atmosf\u00e9rica (SPDA);<\/span><\/li>\n<li><span style=\"font-weight: 400;\">Quadros de Comandos El\u00e9tricos;<\/span><\/li>\n<li><span style=\"font-weight: 400;\">Placas Fotovoltaicas (Placas Solar);<\/span><\/li>\n<li><span style=\"font-weight: 400;\">Posto de Transforma\u00e7\u00e3o e Muretas de Medi\u00e7\u00e3o;<\/span><\/li>\n<li><span style=\"font-weight: 400;\">Sistema de Monitoramento de Inc\u00eandio;<\/span><\/li>\n<li><span style=\"font-weight: 400;\">Sistema de Circuito Fechado de TV (CFTV) e Circuito Aberto de TV (CATV).<\/span><\/li>\n<\/ul>\n<p>[\/et_pb_text][\/et_pb_column][et_pb_column type=&#8221;2_5&#8243; _builder_version=&#8221;4.18.1&#8243; _module_preset=&#8221;default&#8221; global_colors_info=&#8221;{}&#8221;][et_pb_image src=&#8221;https:\/\/gamagp.com.br\/wordpress\/wp-content\/uploads\/2022\/11\/Simbologia-projeto.jpg&#8221; title_text=&#8221;Simbologia-projeto&#8221; _builder_version=&#8221;4.18.1&#8243; _module_preset=&#8221;default&#8221; transform_scale=&#8221;80%|80%&#8221; global_colors_info=&#8221;{}&#8221;][\/et_pb_image][\/et_pb_column][\/et_pb_row][\/et_pb_section]<\/p>\n","protected":false},"excerpt":{"rendered":"<p>ProjetosProjeto el\u00e9trico para instala\u00e7\u00f5es de alta tens\u00e3o e complexidade.Podemos definir um\u00a0projeto el\u00e9trico\u00a0como o conjunto de todas as informa\u00e7\u00f5es, c\u00e1lculos, desenhos e detalhes referentes \u00e0 uma instala\u00e7\u00e3o el\u00e9trica, m\u00e1quina ou equipamento eletroeletr\u00f4nico. Essas informa\u00e7\u00f5es sobre a eletricidade podem ser um diagrama el\u00e9trico, tabela de dados, layout, desenhos t\u00e9cnicos das pe\u00e7as ou equipamentos, listagem dos componentes da [&hellip;]<\/p>\n","protected":false},"author":1,"featured_media":0,"parent":54,"menu_order":0,"comment_status":"closed","ping_status":"closed","template":"","meta":{"_et_pb_use_builder":"on","_et_pb_old_content":"","_et_gb_content_width":"","footnotes":""},"class_list":["post-32","page","type-page","status-publish","hentry"],"_links":{"self":[{"href":"https:\/\/gamagp.com.br\/wordpress\/index.php\/wp-json\/wp\/v2\/pages\/32","targetHints":{"allow":["GET"]}}],"collection":[{"href":"https:\/\/gamagp.com.br\/wordpress\/index.php\/wp-json\/wp\/v2\/pages"}],"about":[{"href":"https:\/\/gamagp.com.br\/wordpress\/index.php\/wp-json\/wp\/v2\/types\/page"}],"author":[{"embeddable":true,"href":"https:\/\/gamagp.com.br\/wordpress\/index.php\/wp-json\/wp\/v2\/users\/1"}],"replies":[{"embeddable":true,"href":"https:\/\/gamagp.com.br\/wordpress\/index.php\/wp-json\/wp\/v2\/comments?post=32"}],"version-history":[{"count":4,"href":"https:\/\/gamagp.com.br\/wordpress\/index.php\/wp-json\/wp\/v2\/pages\/32\/revisions"}],"predecessor-version":[{"id":145,"href":"https:\/\/gamagp.com.br\/wordpress\/index.php\/wp-json\/wp\/v2\/pages\/32\/revisions\/145"}],"up":[{"embeddable":true,"href":"https:\/\/gamagp.com.br\/wordpress\/index.php\/wp-json\/wp\/v2\/pages\/54"}],"wp:attachment":[{"href":"https:\/\/gamagp.com.br\/wordpress\/index.php\/wp-json\/wp\/v2\/media?parent=32"}],"curies":[{"name":"wp","href":"https:\/\/api.w.org\/{rel}","templated":true}]}}